{"id":102,"date":"2019-02-10T13:03:41","date_gmt":"2019-02-10T12:03:41","guid":{"rendered":"http:\/\/puchar-zubrow.pl\/?page_id=102"},"modified":"2026-03-02T07:33:00","modified_gmt":"2026-03-02T07:33:00","slug":"regulamin","status":"publish","type":"page","link":"https:\/\/www.puchar-zubrow.pl\/index.php\/regulamin\/","title":{"rendered":"Regulamin"},"content":{"rendered":"\n<h3 class=\"wp-block-heading\">Puchar \u017bubr\u00f3w w szpadzie skrzat\u00f3w, zuch\u00f3w, dzieci oraz m\u0142odzik\u00f3w.<\/h3>\n\n\n\n<p class=\"has-text-align-center\"><strong>Regulamin<\/strong><\/p>\n\n\n\n<p class=\"has-text-align-center\"><strong>Puchar \u017bubr\u00f3w w szpadzie skrzat\u00f3w, zuch\u00f3w, dzieci oraz m\u0142odzik\u00f3w.<\/strong><\/p>\n\n\n\n<p class=\"has-text-align-center\"><strong>\u00a7 1. Postanowienia og\u00f3lne<\/strong><\/p>\n\n\n\n<p>Ust. 1&nbsp;&nbsp;&nbsp; Puchar \u017bubr\u00f3w to cykl punktowanych zawod\u00f3w organizowanych przez Kluby szermiercze wyra\u017caj\u0105ce akces do uczestnictwa w przedsi\u0119wzi\u0119ciu<\/p>\n\n\n\n<p>Ust. 2&nbsp;&nbsp;&nbsp; Liderem przedsi\u0119wzi\u0119cia jest inicjator i pomys\u0142odawca \u2013KS Milenium Skawina, oraz Szko\u0142a Szermierki Szczepan Ku\u017ami\u0144ski<\/p>\n\n\n\n<p>Ust. 3&nbsp;&nbsp;&nbsp; Partnerami przedsi\u0119wzi\u0119cia s\u0105 Kluby szermiercze deklaruj\u0105ce ch\u0119\u0107 organizacji zawod\u00f3w w ramach Pucharu \u017bubr\u00f3w.<\/p>\n\n\n\n<p>Ust. 4&nbsp;&nbsp;&nbsp; Uczestnikami s\u0105 Kluby szermiercze, kt\u00f3re deklaruj\u0105 czynne uczestnictwo swoich zawodnik\u00f3w w Pucharze \u017bubr\u00f3w.<\/p>\n\n\n\n<p><\/p>\n\n\n\n<p class=\"has-text-align-center\"><strong>\u00a7 1.1 Edycje Pucharu \u017bubr\u00f3w<\/strong><\/p>\n\n\n\n<p>Ust. 1&nbsp;&nbsp;&nbsp; Zawody Pucharu \u017bubr\u00f3w odbywaj\u0105 si\u0119 w jednorocznych edycjach. Ka\u017cda edycja zako\u0144czona jest podsumowaniem.<\/p>\n\n\n\n<p>Ust. 2&nbsp;&nbsp;&nbsp; Za przebieg Edycji odpowiedzialny jest Koordynator Ligi, kt\u00f3ry wybierany jest przez Lidera na podstawie sugestii Partner\u00f3w i Uczestnik\u00f3w. Kadencja Koordynatora trwa przez ca\u0142\u0105 Edycj\u0119 oraz ko\u0144czy si\u0119 wraz z turniejem podsumowuj\u0105cym.<\/p>\n\n\n\n<p class=\"has-text-align-center\"><br><strong>\u00a7 1.2 Kategorie wiekowe uczestnik\u00f3w zawod\u00f3w Pucharu \u017bubr\u00f3w<\/strong><\/p>\n\n\n\n<p>Zawody Ligi odbywaj\u0105 si\u0119 w nast\u0119puj\u0105cych kategoriach wiekowych dl dziewcz\u0105t i ch\u0142opc\u00f3w:<\/p>\n\n\n\n<ul class=\"wp-block-list\">\n<li>Kategoria 1 \u2013 Skrzaty<\/li>\n\n\n\n<li>Kategoria 2 \u2013 Zuchy<\/li>\n\n\n\n<li>Kategoria 3 \u2013 Dzieci<\/li>\n\n\n\n<li>Kategoria 4 \u2013 M\u0142odzicy<\/li>\n<\/ul>\n\n\n\n<p class=\"has-text-align-center\"><br><strong>\u00a71.3 Klasyfikacja Ligi<\/strong><\/p>\n\n\n\n<p>Bie\u017c\u0105ca jak i ko\u0144cowa klasyfikacja punktowa cyklu turniej\u00f3w Pucharu \u017bubr\u00f3w uwzgl\u0119dnia podzia\u0142 na kategorie wiekowe oraz p\u0142e\u0107.<\/p>\n\n\n\n<p>Punktacja odzwierciedla stopie\u0144 trudno\u015bci zawod\u00f3w, przyznaj\u0105c liczb\u0119 punkt\u00f3w odwrotnie proporcjonaln\u0105 do zaj\u0119tego miejsca<\/p>\n\n\n\n<p class=\"has-text-align-center\"><strong>\u00a7 2. Finansowani<\/strong><\/p>\n\n\n\n<p>Koszty organizacyjne oraz koszty prowadzenia zawod\u00f3w jak i koszty nagr\u00f3d finansowane mog\u0105 by\u0107 ze \u015brodk\u00f3w z pozyskanych dotacji, sponsor\u00f3w, wp\u0142at klub\u00f3w.<\/p>\n\n\n\n<p>Zawodnicy ponosz\u0105 koszty uczestnictwa w Edycji Pucharu \u017bubr\u00f3w w wysoko\u015bci ka\u017cdorazowo ustalonej przez Organizatora<\/p>\n\n\n\n<p class=\"has-text-align-center\"><br><strong>\u00a7 3.Organizacja zawod\u00f3w<\/strong><\/p>\n\n\n\n<p class=\"has-text-align-center\"><strong>\u00a7 3.1 Prawo Startu<\/strong><\/p>\n\n\n\n<p>Ust. 1. Prawo startu w zawodach maj\u0105 zawodnicy i zawodniczki Klub\u00f3w Lider\u00f3w, Partner\u00f3w, Uczestnik\u00f3w oraz innych zaproszonych przez Organizatora.<\/p>\n\n\n\n<p>Ust. 2. Zawodnik winien posiada\u0107 atestowany plastron z homologacj\u0105 FIE.<\/p>\n\n\n\n<p>Ust. 3. Zawodnik winien posiada\u0107 wa\u017cn\u0105 licencj\u0119 zawodnicz\u0105 PZS, oraz okaza\u0107 wa\u017cne badania lekarskie dopuszczaj\u0105ce do udzia\u0142u w rywalizacji sportowej ka\u017cdorazowo przed turniejem.<\/p>\n\n\n\n<p class=\"has-text-align-center\"><strong>\u00a7 3.2 Zg\u0142oszenia<\/strong><\/p>\n\n\n\n<p>Ust. 1. Zg\u0142oszenie przez stron\u0119 PZS<\/p>\n\n\n\n<p>Ust. 2. Potwierdzenie zg\u0142oszenia dokonuje si\u0119 na 45 min przed rozpocz\u0119ciem zawod\u00f3w, w szczeg\u00f3lnych przypadkach Organizator mo\u017ce odst\u0105pi\u0107 od w\/w czasu.&nbsp;<\/p>\n\n\n\n<p class=\"has-text-align-center\"><strong>\u00a7 3. 3 Przebieg Zawod\u00f3w<\/strong><\/p>\n\n\n\n<p>Ust. 1. Lider organizacj\u0119 danych zawod\u00f3w powierza wybranemu klubowi, za przebieg zawod\u00f3w odpowiedzialni s\u0105 organizatorzy.<\/p>\n\n\n\n<p>Ust. 2.&nbsp; Organizator powo\u0142uje Komisj\u0119 Techniczn\u0105, kt\u00f3ra odpowiada za prawid\u0142owy przebieg zawod\u00f3w<\/p>\n\n\n\n<p>Ust. 3. W trakcie zawod\u00f3w na sali powinien znajdowa\u0107 si\u0119 ratownik medyczny lub lekarz.<\/p>\n\n\n\n<p class=\"has-text-align-center\"><strong>\u00a7 3. 3.1 Przebieg Edycji<\/strong><\/p>\n\n\n\n<p>Dotyczy jednej edycji Pucharu \u017bubr\u00f3w. Ka\u017cda nast\u0119pna edycja jest rozpoczynana na nowo.<\/p>\n\n\n\n<p>Ust. 1. Zawody rozgrywane s\u0105 zgodnie z regulaminem Pucharu \u017bubr\u00f3w wed\u0142ug wytycznych PZS.<\/p>\n\n\n\n<p>Prawo interpretacji przys\u0142uguje Koordynatorowi Ligi, w porozumieniu z Liderem, Partnerami, Uczestnikami. Jednak ostateczn\u0105 decyzj\u0119 podejmuje Koordynator Ligi.<\/p>\n\n\n\n<p>Ust. 2. Uczestnicy zawod\u00f3w walcz\u0105 w poszczeg\u00f3lnych kategoriach wiekowych szpadami kr\u00f3tkimi (0), lub szpadami d\u0142ugimi (5), zgodnie z zaleceniami PZSz.<\/p>\n\n\n\n<p>Ust. 3. Zawody sk\u0142adaj\u0105 si\u0119 z dw\u00f3ch cz\u0119\u015bci, eliminacji grupowej oraz eliminacji bezpo\u015bredniej, lub w przypadkach wyszczeg\u00f3lnionych w dalszej cz\u0119\u015bci regulaminu, wed\u0142ug ich specyfikacji.<\/p>\n\n\n\n<p>Ust. 3.1 Spos\u00f3b dobrania formu\u0142y walk uzale\u017cniony jest od ilo\u015bci uczestnik\u00f3w.<\/p>\n\n\n\n<p>Ust. 3.1.1<\/p>\n\n\n\n<p>Kategoria wiekowa 1 \u2013&nbsp;<strong>Skrzaty<\/strong>&nbsp;\u2013 walczy w eliminacji grupowej&nbsp;<strong>dwie minuty<\/strong>&nbsp;<strong>do 4 trafie\u0144<\/strong>, a w eliminacji bezpo\u015bredniej&nbsp;<strong>do 8 trafie\u0144,<\/strong>&nbsp;<strong>dwa razy przez dwie minuty<\/strong>, z przerwami 1-minutowymi.<\/p>\n\n\n\n<p>Kategoria wiekowa 2 \u2013&nbsp;<strong>Zuchy<\/strong>&nbsp;\u2013 walczy w eliminacji grupowej&nbsp;<strong>dwie minuty do 4 trafie\u0144<\/strong>, a w eliminacji bezpo\u015bredniej&nbsp;<strong>do 8 trafie\u0144,<\/strong>&nbsp;<strong>trzy<\/strong>&nbsp;<strong>razy po dwie minuty<\/strong>, z przerwami 1-minutowymi.<\/p>\n\n\n\n<p>Kategoria wiekowa 3 \u2013&nbsp;<strong>Dzieci<\/strong>&nbsp;\u2013 &nbsp;walczy w eliminacji grupowej&nbsp;<strong>dwie minuty do 4 trafie\u0144<\/strong>, a w eliminacji bezpo\u015bredniej&nbsp;<strong>do 10 trafie\u0144,<\/strong>&nbsp;<strong>trzy razy po dwie minuty<\/strong>, z przerwami 1-minutowymi.<\/p>\n\n\n\n<p>Kategoria wiekowa 4 \u2013&nbsp;<strong>M\u0142odzicy<\/strong>&nbsp;\u2013 walczy w eliminacji grupowej&nbsp;<strong>dwie minuty do 4 trafie\u0144<\/strong>, a w eliminacji bezpo\u015bredniej&nbsp;<strong>do 12 trafie\u0144, trzy razy po dwie minuty<\/strong>, z przerwami1-minutowymi.<\/p>\n\n\n\n<p>Ust. 3.1.2 Gdy frekwencja jest mniejsza ni\u017c 12 os\u00f3b w danej kategorii wiekowej, zawodnicy walcz\u0105 systemem ka\u017cdy z ka\u017cdym do 4, lub 5 trafie\u0144 przez dwie, lub 3 minuty; zwyci\u0119zc\u0105 zostaje osoba z najwi\u0119ksz\u0105 ilo\u015bci\u0105 walk wygranych; w przypadku r\u00f3wnej ilo\u015bci zwyci\u0119skich walk o zwyci\u0119stwie w danej kategorii wiekowej decyduje walka bara\u017cowa pomi\u0119dzy nimi.<br>W przypadku gdy dwie osoby maj\u0105 tak\u0105 sam\u0105 ilo\u015b\u0107 walk wygranych o kolejno\u015bci w klasyfikacji ko\u0144cowej decyduje wsp\u00f3\u0142czynnik V (ilo\u015b\u0107 zwyci\u0119stw) oraz r\u00f3\u017cnica Tz (trafie\u0144 zadanych) i To (trafie\u0144 otrzymanych.<\/p>\n\n\n\n<p>Ust. 3.1.3 Podzia\u0142 na grupy odbywa si\u0119 na podstawie rankingu, a w przypadku braku rankingu kryterium podzia\u0142owym jest klub oraz algorytm losowania.<\/p>\n\n\n\n<p>Ust. 4. Dziewcz\u0119ta i ch\u0142opcy w kategorii wiekowej 2 \u2013 Zuchy, 3 \u2013 Dzieci, 4 \u2013 M\u0142odzicy &nbsp;\u2013 i walcz\u0105 osobno w jednej kategorii wiekowej.<br>Klasyfikacja prowadzona jest osobno dla p\u0142ci.<br>Natomiast dziewcz\u0119ta i ch\u0142opcy w kategorii 1 \u2013 Skrzaty \u2013 mog\u0105 walczy\u0107 razem w jednej kategorii wiekowej, a klasyfikacja prowadzona jest osobno dla p\u0142ci.<\/p>\n\n\n\n<p>Ust. 5. S\u0105 przeprowadzane 3 turnieje w ramach Edycji<\/p>\n\n\n\n<p class=\"has-text-align-center\"><strong>\u00a7 3.4 Punktacja i Podsumowanie<\/strong><\/p>\n\n\n\n<p>Ust. 1. Na podstawie prowadzonej klasyfikacji dla ka\u017cdej kategorii wiekowej i p\u0142ci, po 3 turniejach zostaje wy\u0142onionych po 3 najlepszych szermierzy<br>Ust. 2. Zwyci\u0119zcami edycji Pucharu \u017bubr\u00f3w s\u0105 3 osoby w ka\u017cdej kategorii wiekowej i p\u0142ci zdobywaj\u0105ce po 3 turniejach najwi\u0119cej punkt\u00f3w.<\/p>\n\n\n\n<p>&nbsp;Ust. 3. Dekoracja zwyci\u0119zc\u00f3w edycji Pucharu \u017bubr\u00f3w nast\u0119puje bezpo\u015brednio po zako\u0144czeniu trzeciego turnieju<\/p>\n\n\n\n<p class=\"has-text-align-center\"><br><strong>\u00a7 3.5 Wyr\u00f3\u017cnienia i Nagrody<\/strong><\/p>\n\n\n\n<p>Ust. 1. Organizator zapewnia imienne dyplomy dla uczestnik\u00f3w zawod\u00f3w za miejsca od 1-8 .<\/p>\n\n\n\n<p>W przypadku ufundowania nagr\u00f3d rzeczowych organizator oraz wsp\u00f3\u0142organizator imprezy s\u0105 zobowi\u0105zani do przestrzeganie zasady nier\u00f3\u017cnicowania nagr\u00f3d za poszczeg\u00f3lne miejsca, tzn. wr\u0119czane nagrody powinny by\u0107 takie same, niezale\u017cnie od zaj\u0119tego miejsca 1 \u2013 3.<\/p>\n\n\n\n<p>Trofea \u2013 puchary, medale \u2013 w ramach ko\u0144cowej rywalizacji powinny by\u0107 zr\u00f3\u017cnicowane zale\u017cnie od miejsca 1 \u2013 3.<\/p>\n\n\n\n<p>Ust. 2. Wr\u0119czanie dyplom\u00f3w\/nagr\u00f3d odbywa si\u0119 w kolejno\u015bci odwrotnej od zaj\u0119tego miejsca,<\/p>\n\n\n\n<p>Ust. 3. Dla zwyci\u0119zc\u00f3w rywalizacji w ramach danej Edycji Pucharu \u017bubr\u00f3w przewidziane s\u0105 dyplomy oraz nagrody rzeczowe.<\/p>\n\n\n\n<p class=\"has-text-align-center\"><br><strong>\u00a73.6 Terminy Zawod\u00f3w<\/strong><\/p>\n\n\n\n<p>Ust. 1&nbsp;&nbsp;&nbsp; Terminy zawod\u00f3w ustalane s\u0105 przez Lidera w porozumieniu z Partnerami. Po zatwierdzeniu przez Lidera s\u0105 upowszechniane na stronie&nbsp;<a href=\"http:\/\/puchar-zubrow.pl\/\">puchar-zubrow.pl<\/a>, w kalendarzu PZSz oraz rozsy\u0142ane poczt\u0105 elektroniczn\u0105 do poszczeg\u00f3lnych klub\u00f3w<\/p>\n\n\n\n<p>Ust.2&nbsp;&nbsp;&nbsp;&nbsp; organizatorzy do\u0142o\u017c\u0105 stara\u0144, by poszczeg\u00f3lne zawody Pucharu \u017bubr\u00f3w przeprowadzane by\u0142y w dni wolne od nauki szkolnej i pracy.<\/p>\n\n\n\n<p class=\"has-text-align-center\"><strong>\u00a7 4. Obowi\u0105zki Organizator\u00f3w oraz Uczestnik\u00f3w<\/strong><\/p>\n\n\n\n<p>Partnerzy, partycypuj\u0105cy w organizacji zawod\u00f3w maj\u0105 okre\u015blone wytyczne przy organizacji turnieju Pucharu \u017bubr\u00f3w<\/p>\n\n\n\n<p>Ust. 1. Wsp\u00f3\u0142organizator zobowi\u0105zany jest do przys\u0142ania komunikatu o zawodach minimum na dwa tygodnie przed planowanym terminem zawod\u00f3w do Lidera oraz wszystkich klub\u00f3w zainteresowanych za po\u015brednictwem e-mail, a tak\u017ce umieszczenia komunikat\u00f3w na stronach internetowych Pucharu \u017bubr\u00f3w<\/p>\n\n\n\n<p>Ust. 2. Wsp\u00f3\u0142organizator zobowi\u0105zany jest do umo\u017cliwienia wystawienia materia\u0142\u00f3w reklamowych i informacyjnych sponsor\u00f3w oraz partner\u00f3w w miejscu rozgrywania zawod\u00f3w. Przekazanie informacji o partnerach oraz sponsorach uczestnikom zawod\u00f3w odbywa si\u0119 przed wr\u0119czaniem dyplom\u00f3w dla poszczeg\u00f3lnych kategorii wiekowych<\/p>\n\n\n\n<p>Ust. 3. Wsp\u00f3\u0142organizator zobowi\u0105zany jest do umo\u017cliwienia wst\u0119pu oraz zbierania materia\u0142\u00f3w medialnych partnerom, nie mo\u017ce jednak kolidowa\u0107 to z przebiegiem zawod\u00f3w ani zagra\u017ca\u0107 bezpiecze\u0144stwu.<\/p>\n\n\n\n<p>Ust. 4. Wsp\u00f3\u0142organizator zobowi\u0105zany jest przekaza\u0107 informacje z przebiegu oraz kompletne wyniki zawod\u00f3w do Lidera, kt\u00f3ry przesy\u0142a je do PZS, Partnerom oraz Uczestnikom.<\/p>\n\n\n\n<p>Ust. 4.1 Kompletne wyniki to: rankingowa lista startowa, ranking po grupach, drabinka pucharowa z wynikami, klasyfikacja, zaleca si\u0119 u\u017cywanie programu do prowadzenia turnieju. Najlepiej w formacie PDF.<\/p>\n\n\n\n<p>Ust. 5. Organizatorzy poszczeg\u00f3lnych turniej\u00f3w zobowi\u0105zani s\u0105 zapewni\u0107 obs\u0142ug\u0119 medyczn\u0105 zawod\u00f3w.<\/p>\n\n\n\n<p>Ust. 6. Wsp\u00f3\u0142organizator powinien zadba\u0107 o<\/p>\n\n\n\n<p>\u2013 oficjalne otwarcie zawod\u00f3w<\/p>\n\n\n\n<p>\u2013 przekazanie informacji o sponsorach oraz partnerach<\/p>\n\n\n\n<p>\u2013 prezentacj\u0119 fina\u0142owej \u00f3semki zawodnik\u00f3w przed rozpocz\u0119ciem walk \u2013 w przypadku rozgrywek systemem pucharowym<\/p>\n\n\n\n<p>\u2013 prezentacj\u0119 zwyci\u0119skiej \u00f3semki zawodnik\u00f3w<\/p>\n\n\n\n<p>&#8211; prezentacj\u0119 zwyci\u0119zc\u00f3w edycji<\/p>\n\n\n\n<p>Ust. 7. Kluby kt\u00f3rych zawodnicy bior\u0105 udzia\u0142 w zawodach s\u0105 zobowi\u0105zane do&nbsp; nadsy\u0142ania zg\u0142osze\u0144 zawodnik\u00f3w uczestnicz\u0105cych w turniejach zgodnie z regulaminem cyklu Pucharu \u017bubr\u00f3w, zgodnie z komunikatami<\/p>\n\n\n\n<p class=\"has-text-align-center\"><strong>\u00a7 4. Postanowienia Ko\u0144cowe<\/strong><\/p>\n\n\n\n<p>Ust. 1. W sprawach nieuregulowanych maj\u0105 zastosowanie przepisy PZS oraz KC.<\/p>\n\n\n\n<p>Ust. 2. W sprawach nieuregulowanych pierwsze\u0144stwo decyzji posiada Lider, kt\u00f3ry podejmuje decyzje w terminie 14 dni od zg\u0142oszenia.<\/p>\n\n\n\n<p>Ust. 3. Regulamin oraz zmiany wchodz\u0105 w \u017cycie z dniem og\u0142oszenia i przekazywany jest za po\u015brednictwem e-mail do Partner\u00f3w oraz Uczestnik\u00f3w<\/p>\n\n\n\n<p>Krak\u00f3w, marzec 2026<\/p>\n\n\n\n<p class=\"has-text-align-right\">Krak\u00f3w, marzec 2026<\/p>\n","protected":false},"excerpt":{"rendered":"<p>Puchar \u017bubr\u00f3w w szpadzie skrzat\u00f3w, zuch\u00f3w, dzieci oraz m\u0142odzik\u00f3w. Regulamin Puchar \u017bubr\u00f3w w szpadzie skrzat\u00f3w, zuch\u00f3w, dzieci oraz m\u0142odzik\u00f3w. \u00a7 1. Postanowienia og\u00f3lne Ust. 1&nbsp;&nbsp;&nbsp; Puchar \u017bubr\u00f3w to cykl punktowanych zawod\u00f3w organizowanych przez Kluby szermiercze wyra\u017caj\u0105ce akces do uczestnictwa w przedsi\u0119wzi\u0119ciu Ust. 2&nbsp;&nbsp;&nbsp; Liderem przedsi\u0119wzi\u0119cia jest inicjator i pomys\u0142odawca \u2013KS Milenium Skawina, oraz Szko\u0142a Szermierki [&hellip;]<\/p>\n","protected":false},"author":1,"featured_media":0,"parent":0,"menu_order":0,"comment_status":"closed","ping_status":"closed","template":"","meta":{"_kadence_starter_templates_imported_post":false,"footnotes":""},"class_list":["post-102","page","type-page","status-publish","hentry"],"blocksy_meta":{"background":{"desktop":{"background_type":"color","background_pattern":"type-1","background_image":{"attachment_id":null,"x":0,"y":0},"gradient":"linear-gradient(135deg,rgba(6,147,227,1) 0%,rgb(155,81,224) 100%)","background_repeat":"repeat","background_size":"auto","background_attachment":"scroll","patternColor":{"default":{"color":"#e5e7ea"}},"overlayColor":{"default":{"color":"CT_CSS_SKIP_RULE"}},"backgroundColor":{"default":{"color":"#ffffff"}}},"tablet":{"background_type":"color","background_pattern":"type-1","background_image":{"attachment_id":null,"x":0,"y":0},"gradient":"linear-gradient(135deg,rgba(6,147,227,1) 0%,rgb(155,81,224) 100%)","background_repeat":"repeat","background_size":"auto","background_attachment":"scroll","patternColor":{"default":{"color":"#e5e7ea"}},"overlayColor":{"default":{"color":"CT_CSS_SKIP_RULE"}},"backgroundColor":{"default":{"color":"#ffffff"}}},"mobile":{"background_type":"color","background_pattern":"type-1","background_image":{"attachment_id":null,"x":0,"y":0},"gradient":"linear-gradient(135deg,rgba(6,147,227,1) 0%,rgb(155,81,224) 100%)","background_repeat":"repeat","background_size":"auto","background_attachment":"scroll","patternColor":{"default":{"color":"#e5e7ea"}},"overlayColor":{"default":{"color":"CT_CSS_SKIP_RULE"}},"backgroundColor":{"default":{"color":"#ffffff"}}}},"styles_descriptor":{"styles":{"desktop":"[data-prefix=\"single_page\"] {background-color:#ffffff;background-image:none;}","tablet":"","mobile":""},"google_fonts":[],"version":6}},"_links":{"self":[{"href":"https:\/\/www.puchar-zubrow.pl\/index.php\/wp-json\/wp\/v2\/pages\/102","targetHints":{"allow":["GET"]}}],"collection":[{"href":"https:\/\/www.puchar-zubrow.pl\/index.php\/wp-json\/wp\/v2\/pages"}],"about":[{"href":"https:\/\/www.puchar-zubrow.pl\/index.php\/wp-json\/wp\/v2\/types\/page"}],"author":[{"embeddable":true,"href":"https:\/\/www.puchar-zubrow.pl\/index.php\/wp-json\/wp\/v2\/users\/1"}],"replies":[{"embeddable":true,"href":"https:\/\/www.puchar-zubrow.pl\/index.php\/wp-json\/wp\/v2\/comments?post=102"}],"version-history":[{"count":3,"href":"https:\/\/www.puchar-zubrow.pl\/index.php\/wp-json\/wp\/v2\/pages\/102\/revisions"}],"predecessor-version":[{"id":6315,"href":"https:\/\/www.puchar-zubrow.pl\/index.php\/wp-json\/wp\/v2\/pages\/102\/revisions\/6315"}],"wp:attachment":[{"href":"https:\/\/www.puchar-zubrow.pl\/index.php\/wp-json\/wp\/v2\/media?parent=102"}],"curies":[{"name":"wp","href":"https:\/\/api.w.org\/{rel}","templated":true}]}}