{"id":36,"date":"2019-02-03T22:16:20","date_gmt":"2019-02-03T21:16:20","guid":{"rendered":"http:\/\/puchar-zubrow.pl\/?page_id=36"},"modified":"2024-03-09T21:12:49","modified_gmt":"2024-03-09T21:12:49","slug":"zostan-sponsorem","status":"publish","type":"page","link":"https:\/\/www.puchar-zubrow.pl\/index.php\/zostan-sponsorem\/","title":{"rendered":"Zosta\u0144 sponsorem"},"content":{"rendered":"\n<p>Szanowni Pa\u0144stwo!<\/p>\n\n\n\n<p>Zwracamy si\u0119 do Was z bardzo gor\u0105c\u0105 pro\u015bb\u0105 o pomoc w organizacji \u201ePucharu \u017bubr\u00f3w\u201d<br><\/p>\n\n\n\n<p>\u201ePuchar \u017bubr\u00f3w\u201d jest cyklem turniej\u00f3w szermierczych skierowanych do najm\u0142odszych adept\u00f3w tej dziedziny sportu. Prawo startu maj\u0105 tutaj dzieci w wieku od 6 do 14 lat. Zawody maja charakter og\u00f3lnopolski a tak\u017ce mi\u0119dzynarodowy \u2013 pojawiaj\u0105 si\u0119 corocznie zawodnicy ze S\u0142owacji czy Ukrainy.<\/p>\n\n\n\n<p>Cykl obejmuje 4 turnieje, kt\u00f3re zaczynaj\u0105 zawody w Skawinie (pocz\u0105tek marca), nast\u0119pnie w Krzeszowicach, Micha\u0142owicach z fina\u0142owym rozstrzygni\u0119ciem pomi\u0119dzy najlepszymi \u00f3semkami z ca\u0142ego cyklu na zamku w Niepo\u0142omicach.<\/p>\n\n\n\n<p>Co roku pojawia si\u0119 rosn\u0105ce grono zawodnik\u00f3w. W ostatnich latach w ca\u0142ym cyklu bierze udzia\u0142 oko\u0142o 250 zawodnik\u00f3w i zawodniczek w 4 kategoriach wiekowych: od najm\u0142odszych skrzat\u00f3w, &nbsp;zuch\u00f3w po dzieci i m\u0142odzik\u00f3w.<\/p>\n\n\n\n<p>Zwyci\u0119zcy turniej\u00f3w zamiast medali otrzymuj\u0105 maskotki \u017cubr\u00f3w oraz pami\u0105tkowe dyplomy. Gratyfikowana zawsze jest pierwsza \u00f3semka zawodnik\u00f3w. Cykl jest finansowany ze \u015brodk\u00f3w Ministerstwa Sportu, Urz\u0119du Marsza\u0142kowskiego, Starostwa Powiatowego, oraz z poszczeg\u00f3lnych gmin. Zorganizowanie takich zawod\u00f3w wymaga wynajmowania Sali widowiskowej oraz specjalistycznego zaplecza technicznego \u2013 aparat\u00f3w szermierczych, plansz do walk, obs\u0142ugi technicznej zawod\u00f3w. \u015arodk\u00f3w finansowych jednak\u017ce nigdy nie jest za wiele. Najcz\u0119\u015bciej brakuje tych \u015brodk\u00f3w na sfinansowanie nagr\u00f3d rzeczowych dla zawodnik\u00f3w. St\u0105d te\u017c nasz gor\u0105cy apel do Pa\u0144stwa i pytanie czy nie byliby Pa\u0144stwo w stanie przyczyni\u0107 si\u0119 do ufundowania nagr\u00f3d.<br><\/p>\n","protected":false},"excerpt":{"rendered":"<p>Szanowni Pa\u0144stwo! Zwracamy si\u0119 do Was z bardzo gor\u0105c\u0105 pro\u015bb\u0105 o pomoc w organizacji \u201ePucharu \u017bubr\u00f3w\u201d \u201ePuchar \u017bubr\u00f3w\u201d jest cyklem turniej\u00f3w szermierczych skierowanych do najm\u0142odszych adept\u00f3w tej dziedziny sportu. Prawo startu maj\u0105 tutaj dzieci w wieku od 6 do 14 lat. Zawody maja charakter og\u00f3lnopolski a tak\u017ce mi\u0119dzynarodowy \u2013 pojawiaj\u0105 si\u0119 corocznie zawodnicy ze S\u0142owacji [&hellip;]<\/p>\n","protected":false},"author":1,"featured_media":0,"parent":0,"menu_order":0,"comment_status":"closed","ping_status":"closed","template":"","meta":{"_kadence_starter_templates_imported_post":false,"footnotes":""},"class_list":["post-36","page","type-page","status-publish","hentry"],"blocksy_meta":{"background":{"desktop":{"background_type":"color","background_pattern":"type-1","background_image":{"attachment_id":null,"x":0,"y":0},"gradient":"linear-gradient(135deg,rgba(6,147,227,1) 0%,rgb(155,81,224) 100%)","background_repeat":"repeat","background_size":"auto","background_attachment":"scroll","patternColor":{"default":{"color":"#e5e7ea"}},"overlayColor":{"default":{"color":"CT_CSS_SKIP_RULE"}},"backgroundColor":{"default":{"color":"#ffffff"}}},"tablet":{"background_type":"color","background_pattern":"type-1","background_image":{"attachment_id":null,"x":0,"y":0},"gradient":"linear-gradient(135deg,rgba(6,147,227,1) 0%,rgb(155,81,224) 100%)","background_repeat":"repeat","background_size":"auto","background_attachment":"scroll","patternColor":{"default":{"color":"#e5e7ea"}},"overlayColor":{"default":{"color":"CT_CSS_SKIP_RULE"}},"backgroundColor":{"default":{"color":"#ffffff"}}},"mobile":{"background_type":"color","background_pattern":"type-1","background_image":{"attachment_id":null,"x":0,"y":0},"gradient":"linear-gradient(135deg,rgba(6,147,227,1) 0%,rgb(155,81,224) 100%)","background_repeat":"repeat","background_size":"auto","background_attachment":"scroll","patternColor":{"default":{"color":"#e5e7ea"}},"overlayColor":{"default":{"color":"CT_CSS_SKIP_RULE"}},"backgroundColor":{"default":{"color":"#ffffff"}}}},"styles_descriptor":{"styles":{"desktop":"[data-prefix=\"single_page\"] {background-color:#ffffff;background-image:none;}","tablet":"","mobile":""},"google_fonts":[],"version":6}},"_links":{"self":[{"href":"https:\/\/www.puchar-zubrow.pl\/index.php\/wp-json\/wp\/v2\/pages\/36","targetHints":{"allow":["GET"]}}],"collection":[{"href":"https:\/\/www.puchar-zubrow.pl\/index.php\/wp-json\/wp\/v2\/pages"}],"about":[{"href":"https:\/\/www.puchar-zubrow.pl\/index.php\/wp-json\/wp\/v2\/types\/page"}],"author":[{"embeddable":true,"href":"https:\/\/www.puchar-zubrow.pl\/index.php\/wp-json\/wp\/v2\/users\/1"}],"replies":[{"embeddable":true,"href":"https:\/\/www.puchar-zubrow.pl\/index.php\/wp-json\/wp\/v2\/comments?post=36"}],"version-history":[{"count":1,"href":"https:\/\/www.puchar-zubrow.pl\/index.php\/wp-json\/wp\/v2\/pages\/36\/revisions"}],"predecessor-version":[{"id":5347,"href":"https:\/\/www.puchar-zubrow.pl\/index.php\/wp-json\/wp\/v2\/pages\/36\/revisions\/5347"}],"wp:attachment":[{"href":"https:\/\/www.puchar-zubrow.pl\/index.php\/wp-json\/wp\/v2\/media?parent=36"}],"curies":[{"name":"wp","href":"https:\/\/api.w.org\/{rel}","templated":true}]}}